{"id":9,"date":"2022-06-16T12:03:38","date_gmt":"2022-06-16T12:03:38","guid":{"rendered":"https:\/\/restaurantzurneuentraube.ch\/?page_id=9"},"modified":"2022-07-24T17:59:34","modified_gmt":"2022-07-24T15:59:34","slug":"ueber-uns","status":"publish","type":"page","link":"https:\/\/restaurantzurneuentraube.ch\/?page_id=9","title":{"rendered":"\u00dcber uns"},"content":{"rendered":"\r\n<p>Im Restaurant zur neuen Traube begr\u00fcsst Sie das Team von Marcel Haas und Susie Wong mit schweizerischen und asiatischer K\u00fcche.<\/p>\r\n<p>Wir sind ein gem\u00fctliches kleines Restaruant mit ca 25 <br \/>Pl\u00e4tzen in Binningen.<\/p>\r\n<p>Wir haben regelm\u00e4ssig spezielle Aktionen und f\u00fcr private Anl\u00e4sse ist <br \/>das Lokal besonders geeignet. Auf Wunsch sind auch geschlossene <br \/>Veranstaltungen oder Anl\u00e4sse m\u00f6glich.<\/p>\r\n<p>Lassen Sie sich bei uns in fr\u00f6hlicher und freundlicher Atmosph\u00e4re <br \/>verw\u00f6hnen. Sie sind immer herzlich willkommen.<\/p>\r\n<p>Marcel Haas und Susie Wong<\/p>\r\n<p><img loading=\"lazy\" decoding=\"async\" class=\"alignleft wp-image-161\" src=\"https:\/\/restaurantzurneuentraube.ch\/wp-content\/uploads\/2022\/07\/Marcel.jpg\" alt=\"\" width=\"167\" height=\"200\" \/><img loading=\"lazy\" decoding=\"async\" class=\"wp-image-162 alignleft\" src=\"https:\/\/restaurantzurneuentraube.ch\/wp-content\/uploads\/2022\/07\/Susie.jpg\" alt=\"\" width=\"167\" height=\"200\" \/><\/p>\r\n","protected":false},"excerpt":{"rendered":"<p>Im Restaurant zur neuen Traube begr\u00fcsst Sie das Team von Marcel Haas und Susie Wong mit schweizerischen und asiatischer K\u00fcche. Wir sind ein gem\u00fctliches kleines Restaruant mit ca 25 Pl\u00e4tzen in Binningen. Wir haben regelm\u00e4ssig spezielle Aktionen und f\u00fcr private Anl\u00e4sse ist das Lokal besonders geeignet. Auf Wunsch sind auch geschlossene Veranstaltungen oder Anl\u00e4sse m\u00f6glich. &hellip; <\/p>\n<p class=\"link-more\"><a href=\"https:\/\/restaurantzurneuentraube.ch\/?page_id=9\" class=\"more-link\"><span class=\"screen-reader-text\">\u201e\u00dcber uns\u201c<\/span> weiterlesen<\/a><\/p>\n","protected":false},"author":1,"featured_media":104,"parent":0,"menu_order":0,"comment_status":"closed","ping_status":"closed","template":"","meta":{"footnotes":""},"class_list":["post-9","page","type-page","status-publish","has-post-thumbnail","hentry"],"_links":{"self":[{"href":"https:\/\/restaurantzurneuentraube.ch\/index.php?rest_route=\/wp\/v2\/pages\/9","targetHints":{"allow":["GET"]}}],"collection":[{"href":"https:\/\/restaurantzurneuentraube.ch\/index.php?rest_route=\/wp\/v2\/pages"}],"about":[{"href":"https:\/\/restaurantzurneuentraube.ch\/index.php?rest_route=\/wp\/v2\/types\/page"}],"author":[{"embeddable":true,"href":"https:\/\/restaurantzurneuentraube.ch\/index.php?rest_route=\/wp\/v2\/users\/1"}],"replies":[{"embeddable":true,"href":"https:\/\/restaurantzurneuentraube.ch\/index.php?rest_route=%2Fwp%2Fv2%2Fcomments&post=9"}],"version-history":[{"count":11,"href":"https:\/\/restaurantzurneuentraube.ch\/index.php?rest_route=\/wp\/v2\/pages\/9\/revisions"}],"predecessor-version":[{"id":163,"href":"https:\/\/restaurantzurneuentraube.ch\/index.php?rest_route=\/wp\/v2\/pages\/9\/revisions\/163"}],"wp:featuredmedia":[{"embeddable":true,"href":"https:\/\/restaurantzurneuentraube.ch\/index.php?rest_route=\/wp\/v2\/media\/104"}],"wp:attachment":[{"href":"https:\/\/restaurantzurneuentraube.ch\/index.php?rest_route=%2Fwp%2Fv2%2Fmedia&parent=9"}],"curies":[{"name":"wp","href":"https:\/\/api.w.org\/{rel}","templated":true}]}}