{"id":8,"date":"2022-06-16T12:03:38","date_gmt":"2022-06-16T12:03:38","guid":{"rendered":"https:\/\/restaurantzurneuentraube.ch\/?page_id=8"},"modified":"2022-09-18T14:42:03","modified_gmt":"2022-09-18T12:42:03","slug":"startseite","status":"publish","type":"page","link":"https:\/\/restaurantzurneuentraube.ch\/","title":{"rendered":"Home"},"content":{"rendered":"\r\n<p>Willkommen im Restaurant zur neuen Traube in Binningen.<\/p>\r\n<p><br \/>Im Restaurant begr\u00fcsst Sie Marcel Haas und Susie Wong mit authentischem schweizerischem und asiatischem Essen in famili\u00e4rer Atmosph\u00e4re.<\/p>\r\n<p>&nbsp;<\/p>\r\n<p><strong>\u00d6ffnungszeiten<\/strong><br \/>Montag bis Freitag: 11\u201323 Uhr<br \/>Samstag: 12\u201324 Uhr<br \/>Sonntag: 14\u201324 Uhr<\/p>\r\n<p><strong>Reservationen<\/strong> unter Tel: +41 44 593 91 54<\/p>\r\n<p><a href=\"https:\/\/www.facebook.com\/Restaurant-zur-neuen-Traube-103580222514786\/\" target=\"_blank\" rel=\"noopener\">Aktuelles auf facebook<\/a> <\/p>\r\n<p><a href=\"https:\/\/www.facebook.com\/Restaurant-zur-neuen-Traube-103580222514786\/\" target=\"_blank\" rel=\"noopener\"><img loading=\"lazy\" decoding=\"async\" class=\"alignnone wp-image-204\" src=\"https:\/\/restaurantzurneuentraube.ch\/wp-content\/uploads\/2022\/09\/Facebook_logo.png\" alt=\"facebook - Restaurant zur neuen Traube\" width=\"50\" height=\"50\" srcset=\"https:\/\/restaurantzurneuentraube.ch\/wp-content\/uploads\/2022\/09\/Facebook_logo.png 120w, https:\/\/restaurantzurneuentraube.ch\/wp-content\/uploads\/2022\/09\/Facebook_logo-100x100.png 100w\" sizes=\"auto, (max-width: 50px) 100vw, 50px\" \/><\/a><\/p>","protected":false},"excerpt":{"rendered":"<p>Willkommen im Restaurant zur neuen Traube in Binningen. Im Restaurant begr\u00fcsst Sie Marcel Haas und Susie Wong mit authentischem schweizerischem und asiatischem Essen in famili\u00e4rer Atmosph\u00e4re. &nbsp; \u00d6ffnungszeitenMontag bis Freitag: 11\u201323 UhrSamstag: 12\u201324 UhrSonntag: 14\u201324 Uhr Reservationen unter Tel: +41 44 593 91 54 Aktuelles auf facebook<\/p>\n","protected":false},"author":1,"featured_media":0,"parent":0,"menu_order":0,"comment_status":"closed","ping_status":"closed","template":"","meta":{"footnotes":""},"class_list":["post-8","page","type-page","status-publish","hentry"],"_links":{"self":[{"href":"https:\/\/restaurantzurneuentraube.ch\/index.php?rest_route=\/wp\/v2\/pages\/8","targetHints":{"allow":["GET"]}}],"collection":[{"href":"https:\/\/restaurantzurneuentraube.ch\/index.php?rest_route=\/wp\/v2\/pages"}],"about":[{"href":"https:\/\/restaurantzurneuentraube.ch\/index.php?rest_route=\/wp\/v2\/types\/page"}],"author":[{"embeddable":true,"href":"https:\/\/restaurantzurneuentraube.ch\/index.php?rest_route=\/wp\/v2\/users\/1"}],"replies":[{"embeddable":true,"href":"https:\/\/restaurantzurneuentraube.ch\/index.php?rest_route=%2Fwp%2Fv2%2Fcomments&post=8"}],"version-history":[{"count":15,"href":"https:\/\/restaurantzurneuentraube.ch\/index.php?rest_route=\/wp\/v2\/pages\/8\/revisions"}],"predecessor-version":[{"id":206,"href":"https:\/\/restaurantzurneuentraube.ch\/index.php?rest_route=\/wp\/v2\/pages\/8\/revisions\/206"}],"wp:attachment":[{"href":"https:\/\/restaurantzurneuentraube.ch\/index.php?rest_route=%2Fwp%2Fv2%2Fmedia&parent=8"}],"curies":[{"name":"wp","href":"https:\/\/api.w.org\/{rel}","templated":true}]}}